{"id":23,"date":"2016-12-28T20:05:48","date_gmt":"2016-12-28T18:05:48","guid":{"rendered":"http:\/\/wuerzburg.kauda.de\/?page_id=23"},"modified":"2018-03-30T22:30:33","modified_gmt":"2018-03-30T20:30:33","slug":"ueber-mich","status":"publish","type":"page","link":"http:\/\/wuerzburg.kauda.de\/?page_id=23","title":{"rendered":"\u00dcber mich"},"content":{"rendered":"<p>Ich hei\u00dfe Karola R\u00f6der, bin im Jahr 1974 geboren und seit geraumer Zeit freiberuflich t\u00e4tig als Kulturwissenschaftlerin und G\u00e4stef\u00fchrerin (Stadt, Land, Flu\u00df). In W\u00fcrzburg lebe ich seit Silvester 2002 &#8211; damals wohnte ich noch mitten in der Altstadt, gl\u00fccklicherweise ganz in der N\u00e4he einer italienischen Eisdiele. In einem fr\u00fcheren Leben habe ich im abenteuerlichen Jerusalem und im sch\u00f6nen Heidelberg gelebt und in Berlin einige Semester Architektur studiert (zu jener Zeit gab es noch das Vordiplom). Geschichte und alte Handschriften z\u00e4hlen zu meinen Leidenschaften, dementsprechend habe ich eine Schw\u00e4che f\u00fcr vergessene Lebensgeschichten, alte B\u00fccher und Briefe. Ich schreibe sogar selbst noch welche (zum Beispiel nach G\u00f6rlitz, Worms oder Berlin), und in meinem Besitz findet sich ein alter Reisekoffer vollgestopft mit Korrespondenzen aus mehreren Jahrzehnten &#8211; ein wundervoller Schatz \ud83d\ude42<\/p>\n<p>&nbsp;<\/p>\n<p>&nbsp;<\/p>\n","protected":false},"excerpt":{"rendered":"<p>Ich hei\u00dfe Karola R\u00f6der, bin im Jahr 1974 geboren und seit geraumer Zeit freiberuflich t\u00e4tig als Kulturwissenschaftlerin und G\u00e4stef\u00fchrerin (Stadt, Land, Flu\u00df). In W\u00fcrzburg lebe ich seit Silvester 2002 &#8211; damals wohnte ich noch mitten in der Altstadt, gl\u00fccklicherweise ganz in der N\u00e4he einer italienischen Eisdiele. In einem fr\u00fcheren Leben habe ich im abenteuerlichen Jerusalem [&hellip;]<\/p>\n","protected":false},"author":1,"featured_media":0,"parent":0,"menu_order":0,"comment_status":"open","ping_status":"open","template":"","meta":[],"_links":{"self":[{"href":"http:\/\/wuerzburg.kauda.de\/index.php?rest_route=\/wp\/v2\/pages\/23"}],"collection":[{"href":"http:\/\/wuerzburg.kauda.de\/index.php?rest_route=\/wp\/v2\/pages"}],"about":[{"href":"http:\/\/wuerzburg.kauda.de\/index.php?rest_route=\/wp\/v2\/types\/page"}],"author":[{"embeddable":true,"href":"http:\/\/wuerzburg.kauda.de\/index.php?rest_route=\/wp\/v2\/users\/1"}],"replies":[{"embeddable":true,"href":"http:\/\/wuerzburg.kauda.de\/index.php?rest_route=%2Fwp%2Fv2%2Fcomments&post=23"}],"version-history":[{"count":12,"href":"http:\/\/wuerzburg.kauda.de\/index.php?rest_route=\/wp\/v2\/pages\/23\/revisions"}],"predecessor-version":[{"id":164,"href":"http:\/\/wuerzburg.kauda.de\/index.php?rest_route=\/wp\/v2\/pages\/23\/revisions\/164"}],"wp:attachment":[{"href":"http:\/\/wuerzburg.kauda.de\/index.php?rest_route=%2Fwp%2Fv2%2Fmedia&parent=23"}],"curies":[{"name":"wp","href":"https:\/\/api.w.org\/{rel}","templated":true}]}}